{"id":2293,"date":"2014-03-24T10:29:14","date_gmt":"2014-03-24T08:29:14","guid":{"rendered":"http:\/\/www.jetplatform.com\/?page_id=2293"},"modified":"2024-12-24T10:08:53","modified_gmt":"2024-12-24T07:08:53","slug":"iletisim","status":"publish","type":"page","link":"https:\/\/www.jetmail.com.tr\/index.php\/iletisim\/","title":{"rendered":"\u0130leti\u015fim"},"content":{"rendered":"<p>[vc_row][vc_column][vc_column_text]<blockquote><p>JetMail ilgili her t\u00fcrl\u00fc bilgi talebiniz i\u00e7in a\u015fa\u011f\u0131daki ileti\u015fim formunu kullanabilir, bizlerle ileti\u015fime ge\u00e7ebilirsiniz. Bilgi talep formundaki iletinize ilgili birimimimiz en k\u0131sa s\u00fcre i\u00e7inde yan\u0131t olarak d\u00f6necektir. <\/p><address><\/address><\/blockquote>\n<\/p>\n<p><strong>Adres: <\/strong><\/p>\n<p>Nidakule Ata\u015fehir Kuzey<\/p>\n<p>B1 No:63 Ata\u015fehir \/ \u0130stanbul<br \/>\nM\u00fc\u015fteri destek ekibimize kullan\u0131m ve destek i\u00e7in 7\/365 mesai saatleri i\u00e7erisinde (08.00 \u2013 18.00) a\u015fa\u011f\u0131daki ileti\u015fim bilgilerinden her zaman ula\u015fabilirsiniz.<br \/>\n0216 576 38 48 | <a href=\"mailto:biotekno@biotekno.com.tr\">biotekno@biotekno.com.tr<\/a><\/p>\n<h3><span style=\"color: #7a54d3;\"><strong>\u0130leti\u015fim Formu<\/strong><\/span><\/h3>\n<p><iframe loading=\"lazy\" class=\"iframecss\" src=\"https:\/\/iletisim-v2.biotekno.com.tr\/?ref=JetMail\" width=\"850\" height=\"1400\" scrolling=\"no\"><\/iframe>[\/vc_column_text][\/vc_column][\/vc_row]<\/p>\n","protected":false},"excerpt":{"rendered":"<p>[vc_row][vc_column][vc_column_text] Adres: Nidakule Ata\u015fehir Kuzey B1 No:63 Ata\u015fehir \/ \u0130stanbul M\u00fc\u015fteri destek ekibimize kullan\u0131m ve destek i\u00e7in 7\/365 mesai saatleri i\u00e7erisinde (08.00 \u2013 18.00) a\u015fa\u011f\u0131daki ileti\u015fim bilgilerinden her zaman ula\u015fabilirsiniz. 0216 576 38 48 | biotekno@biotekno.com.tr \u0130leti\u015fim Formu [\/vc_column_text][\/vc_column][\/vc_row]<\/p>\n","protected":false},"author":1,"featured_media":0,"parent":0,"menu_order":0,"comment_status":"closed","ping_status":"closed","template":"","meta":{"footnotes":""},"class_list":["post-2293","page","type-page","status-publish","hentry"],"yoast_head":"<!-- This site is optimized with the Yoast SEO plugin v27.3 - https:\/\/yoast.com\/product\/yoast-seo-wordpress\/ -->\n<title>JetMail - \u0130leti\u015fim<\/title>\n<meta name=\"description\" content=\"Toplu Sesli Mesaj, Toplu Mail, Toplu SMS, Bas Konu\u015f, \u0130zinli Veritaban\u0131, Mobil E\u011fitim, Mobil \u00d6deme, Mobil Pazarlama\" \/>\n<meta name=\"robots\" content=\"index, follow, max-snippet:-1, max-image-preview:large, max-video-preview:-1\" \/>\n<link rel=\"canonical\" href=\"https:\/\/www.jetmail.com.tr\/index.php\/iletisim\/\" \/>\n<meta property=\"og:locale\" content=\"tr_TR\" \/>\n<meta property=\"og:type\" content=\"article\" \/>\n<meta property=\"og:title\" content=\"JetMail - \u0130leti\u015fim\" \/>\n<meta property=\"og:description\" content=\"Toplu Sesli Mesaj, Toplu Mail, Toplu SMS, Bas Konu\u015f, \u0130zinli Veritaban\u0131, Mobil E\u011fitim, Mobil \u00d6deme, Mobil Pazarlama\" \/>\n<meta property=\"og:url\" content=\"https:\/\/www.jetmail.com.tr\/index.php\/iletisim\/\" \/>\n<meta property=\"og:site_name\" content=\"JetMail\" \/>\n<meta property=\"article:publisher\" content=\"https:\/\/www.facebook.com\/biotekno\" \/>\n<meta property=\"article:modified_time\" content=\"2024-12-24T07:08:53+00:00\" \/>\n<meta name=\"twitter:card\" content=\"summary_large_image\" \/>\n<meta name=\"twitter:site\" content=\"@BioteknoBiz\" \/>\n<meta name=\"twitter:label1\" content=\"Tahmini okuma s\u00fcresi\" \/>\n\t<meta name=\"twitter:data1\" content=\"1 dakika\" \/>\n<script type=\"application\/ld+json\" class=\"yoast-schema-graph\">{\"@context\":\"https:\\\/\\\/schema.org\",\"@graph\":[{\"@type\":\"WebPage\",\"@id\":\"https:\\\/\\\/www.jetmail.com.tr\\\/index.php\\\/iletisim\\\/\",\"url\":\"https:\\\/\\\/www.jetmail.com.tr\\\/index.php\\\/iletisim\\\/\",\"name\":\"JetMail - \u0130leti\u015fim\",\"isPartOf\":{\"@id\":\"https:\\\/\\\/www.jetmail.com.tr\\\/#website\"},\"datePublished\":\"2014-03-24T08:29:14+00:00\",\"dateModified\":\"2024-12-24T07:08:53+00:00\",\"description\":\"Toplu Sesli Mesaj, Toplu Mail, Toplu SMS, Bas Konu\u015f, \u0130zinli Veritaban\u0131, Mobil E\u011fitim, Mobil \u00d6deme, Mobil Pazarlama\",\"breadcrumb\":{\"@id\":\"https:\\\/\\\/www.jetmail.com.tr\\\/index.php\\\/iletisim\\\/#breadcrumb\"},\"inLanguage\":\"tr\",\"potentialAction\":[{\"@type\":\"ReadAction\",\"target\":[\"https:\\\/\\\/www.jetmail.com.tr\\\/index.php\\\/iletisim\\\/\"]}]},{\"@type\":\"BreadcrumbList\",\"@id\":\"https:\\\/\\\/www.jetmail.com.tr\\\/index.php\\\/iletisim\\\/#breadcrumb\",\"itemListElement\":[{\"@type\":\"ListItem\",\"position\":1,\"name\":\"Ana sayfa\",\"item\":\"https:\\\/\\\/www.jetmail.com.tr\\\/\"},{\"@type\":\"ListItem\",\"position\":2,\"name\":\"\u0130leti\u015fim\"}]},{\"@type\":\"WebSite\",\"@id\":\"https:\\\/\\\/www.jetmail.com.tr\\\/#website\",\"url\":\"https:\\\/\\\/www.jetmail.com.tr\\\/\",\"name\":\"JetMail\",\"description\":\"Toplu Mail ile Pazarlama Platformu - Mail G\u00f6ndermenin En Kolay Yolu\",\"potentialAction\":[{\"@type\":\"SearchAction\",\"target\":{\"@type\":\"EntryPoint\",\"urlTemplate\":\"https:\\\/\\\/www.jetmail.com.tr\\\/?s={search_term_string}\"},\"query-input\":{\"@type\":\"PropertyValueSpecification\",\"valueRequired\":true,\"valueName\":\"search_term_string\"}}],\"inLanguage\":\"tr\"}]}<\/script>\n<!-- \/ Yoast SEO plugin. -->","yoast_head_json":{"title":"JetMail - \u0130leti\u015fim","description":"Toplu Sesli Mesaj, Toplu Mail, Toplu SMS, Bas Konu\u015f, \u0130zinli Veritaban\u0131, Mobil E\u011fitim, Mobil \u00d6deme, Mobil Pazarlama","robots":{"index":"index","follow":"follow","max-snippet":"max-snippet:-1","max-image-preview":"max-image-preview:large","max-video-preview":"max-video-preview:-1"},"canonical":"https:\/\/www.jetmail.com.tr\/index.php\/iletisim\/","og_locale":"tr_TR","og_type":"article","og_title":"JetMail - \u0130leti\u015fim","og_description":"Toplu Sesli Mesaj, Toplu Mail, Toplu SMS, Bas Konu\u015f, \u0130zinli Veritaban\u0131, Mobil E\u011fitim, Mobil \u00d6deme, Mobil Pazarlama","og_url":"https:\/\/www.jetmail.com.tr\/index.php\/iletisim\/","og_site_name":"JetMail","article_publisher":"https:\/\/www.facebook.com\/biotekno","article_modified_time":"2024-12-24T07:08:53+00:00","twitter_card":"summary_large_image","twitter_site":"@BioteknoBiz","twitter_misc":{"Tahmini okuma s\u00fcresi":"1 dakika"},"schema":{"@context":"https:\/\/schema.org","@graph":[{"@type":"WebPage","@id":"https:\/\/www.jetmail.com.tr\/index.php\/iletisim\/","url":"https:\/\/www.jetmail.com.tr\/index.php\/iletisim\/","name":"JetMail - \u0130leti\u015fim","isPartOf":{"@id":"https:\/\/www.jetmail.com.tr\/#website"},"datePublished":"2014-03-24T08:29:14+00:00","dateModified":"2024-12-24T07:08:53+00:00","description":"Toplu Sesli Mesaj, Toplu Mail, Toplu SMS, Bas Konu\u015f, \u0130zinli Veritaban\u0131, Mobil E\u011fitim, Mobil \u00d6deme, Mobil Pazarlama","breadcrumb":{"@id":"https:\/\/www.jetmail.com.tr\/index.php\/iletisim\/#breadcrumb"},"inLanguage":"tr","potentialAction":[{"@type":"ReadAction","target":["https:\/\/www.jetmail.com.tr\/index.php\/iletisim\/"]}]},{"@type":"BreadcrumbList","@id":"https:\/\/www.jetmail.com.tr\/index.php\/iletisim\/#breadcrumb","itemListElement":[{"@type":"ListItem","position":1,"name":"Ana sayfa","item":"https:\/\/www.jetmail.com.tr\/"},{"@type":"ListItem","position":2,"name":"\u0130leti\u015fim"}]},{"@type":"WebSite","@id":"https:\/\/www.jetmail.com.tr\/#website","url":"https:\/\/www.jetmail.com.tr\/","name":"JetMail","description":"Toplu Mail ile Pazarlama Platformu - Mail G\u00f6ndermenin En Kolay Yolu","potentialAction":[{"@type":"SearchAction","target":{"@type":"EntryPoint","urlTemplate":"https:\/\/www.jetmail.com.tr\/?s={search_term_string}"},"query-input":{"@type":"PropertyValueSpecification","valueRequired":true,"valueName":"search_term_string"}}],"inLanguage":"tr"}]}},"_links":{"self":[{"href":"https:\/\/www.jetmail.com.tr\/index.php\/wp-json\/wp\/v2\/pages\/2293","targetHints":{"allow":["GET"]}}],"collection":[{"href":"https:\/\/www.jetmail.com.tr\/index.php\/wp-json\/wp\/v2\/pages"}],"about":[{"href":"https:\/\/www.jetmail.com.tr\/index.php\/wp-json\/wp\/v2\/types\/page"}],"author":[{"embeddable":true,"href":"https:\/\/www.jetmail.com.tr\/index.php\/wp-json\/wp\/v2\/users\/1"}],"replies":[{"embeddable":true,"href":"https:\/\/www.jetmail.com.tr\/index.php\/wp-json\/wp\/v2\/comments?post=2293"}],"version-history":[{"count":24,"href":"https:\/\/www.jetmail.com.tr\/index.php\/wp-json\/wp\/v2\/pages\/2293\/revisions"}],"predecessor-version":[{"id":3586,"href":"https:\/\/www.jetmail.com.tr\/index.php\/wp-json\/wp\/v2\/pages\/2293\/revisions\/3586"}],"wp:attachment":[{"href":"https:\/\/www.jetmail.com.tr\/index.php\/wp-json\/wp\/v2\/media?parent=2293"}],"curies":[{"name":"wp","href":"https:\/\/api.w.org\/{rel}","templated":true}]}}