{"id":39,"date":"2013-03-01T00:12:26","date_gmt":"2013-02-28T22:12:26","guid":{"rendered":"\/?page_id=39"},"modified":"2022-10-05T11:56:49","modified_gmt":"2022-10-05T08:56:49","slug":"hakkimizda","status":"publish","type":"page","link":"https:\/\/www.jetmail.com.tr\/index.php\/hakkimizda\/","title":{"rendered":"Hakk\u0131m\u0131zda"},"content":{"rendered":"<blockquote><p>2003 y\u0131l\u0131nda kurulan ve kurumsal tecr\u00fcbesi y\u0131llara dayanan <strong>B\u0130OTEKNO<\/strong> olarak, %100 yerli \u00fcr\u00fcnlerimiz ile uzman m\u00fchendis kadromuz, sat\u0131\u015f, pazarlama, proje ve \u00fcr\u00fcn y\u00f6netimi, operasyon, saha ve m\u00fc\u015fteri hizmetleri ekiplerimizle kurumlar\u0131n ihtiya\u00e7lar\u0131na \u00f6zel <strong>Katma De\u011ferli \u0130leti\u015fim ve Pazarlama \u00c7\u00f6z\u00fcmleri<\/strong> sunuyoruz.<\/p><\/blockquote>\n<p>Yerinde <strong>AR-GE<\/strong> <strong>Merkez<\/strong>i olan <strong>Mobiliva<\/strong>, B\u0130OTEKNO \u2018nun teknoloji \u015firketi olup T\u00fcrk M\u00fchendislerinin \u00f6zg\u00fcn katk\u0131lar\u0131 ile platformlar geli\u015ftirir.<\/p>\n<p><strong>Gen\u00e7 ve Dinamik Ekibimizle \u0130htiya\u00e7lara Y\u00f6nelik \u00c7\u00f6z\u00fcmler \u00dcretiyoruz.<\/strong><\/p>\n<p>Alan\u0131nda uzman, tasar\u0131m ve g\u00fc\u00e7l\u00fc kodlama yeteneklerine sahip T\u00fcrk Yaz\u0131l\u0131m M\u00fchendislerimiz ve dijital d\u00fcnyan\u0131n hareketlerini yak\u0131ndan takip ederek her zaman b\u00fcy\u00fcyen, geli\u015fen ekibimiz ile yarat\u0131c\u0131 \u00e7\u00f6z\u00fcmler sunarak m\u00fc\u015fterilerimizin ihtiya\u00e7lar\u0131na y\u00f6nelik \u00e7\u00f6z\u00fcmler \u00fcretiyoruz.<\/p>\n<p>Deneyimli ve uzman kadromuzun farkl\u0131la\u015fan taleplere \u00e7\u00f6z\u00fcm sunma konusundaki tecr\u00fcbesiyle m\u00fc\u015fteri ihtiya\u00e7lar\u0131n\u0131 analiz ederek ve m\u00fc\u015fteri ihtiya\u00e7lar\u0131na ba\u015far\u0131l\u0131 bir \u015fekilde kar\u015f\u0131l\u0131k veriyoruz. Bu ba\u015far\u0131n\u0131n s\u00fcrekli\u011fini sa\u011flamak i\u00e7in Modern teknolojiler ve \u00e7\u00f6z\u00fcm odakl\u0131 yakla\u015f\u0131m ile fark yaratacak kalitede hizmet i\u00e7in her zaman \u00e7ok \u00e7al\u0131\u015f\u0131yoruz.<\/p>\n<p><strong>Katma De\u011ferli Pazarlama ve \u0130leti\u015fim \u00c7\u00f6z\u00fcmlerimizi M\u00fc\u015fteri Memnuniyet \u0130lkesine Ba\u011fl\u0131 Sunuyoruz.<\/strong><\/p>\n<p>M\u00fc\u015fteri odakl\u0131 bir bak\u0131\u015f a\u00e7\u0131s\u0131 ve geli\u015ftirdi\u011fi yenilik\u00e7i \u00fcr\u00fcnlerle, \u00e7\u00f6z\u00fcm odakl\u0131 yakla\u015f\u0131m ile d\u00fcnya standartlar\u0131nda hizmet sunma becerisine sahibiz.<\/p>\n<p><strong>32.000+ Kurum<\/strong> ile %100 M\u00fc\u015fteri Memnuniyet \u0130lkesine ba\u011fl\u0131 \u00e7al\u0131\u015f\u0131yoruz. T\u00fcm m\u00fc\u015fterilerimize <strong>7\/365 M\u00fc\u015fteri Destek<\/strong> ekibimiz ile hizmet veriyoruz. M\u00fc\u015fteri ileti\u015fim kanallar\u0131m\u0131z iler her ay canl\u0131 5000 \u00fczeri m\u00fc\u015fteriye hizmet oluyoruz.<\/p>\n<p><strong>Misyonumuz,<\/strong>\u00a0g\u00fc\u00e7l\u00fc AR-GE yeteneklerimizle bilgi ve teknolojiyi en etkin \u015fekilde harmanlayarak geli\u015ftirdi\u011fimiz kurumsal \u00fcr\u00fcnlerle kalk\u0131nmaya katk\u0131 sa\u011flayan, topluma, insana, \u00e7evreye sayg\u0131l\u0131 ve duyarl\u0131 bir firma olmakt\u0131r.<\/p>\n<p><strong>Vizyonumuz,<\/strong> geli\u015ftirdi\u011fimiz teknoloji ve \u00fcr\u00fcnlerle alan\u0131nda lider ve global bir AR-GE oyuncusu olmakt\u0131r.<\/p>\n<p>T\u00fcm \u00e7\u00f6z\u00fcmlerimizi Kalite Y\u00f6netimi Standartlar\u0131na uygun olarak Sanayi Bakanl\u0131\u011f\u0131 onayl\u0131 Mobiliva Ar-Ge Merkezinde geli\u015ftiriyor, Biotekno hizmet ayr\u0131cal\u0131\u011f\u0131 ile m\u00fc\u015fterilere sunuyoruz. \u00dcstelik t\u00fcm \u00fcr\u00fcnlerimizi <strong>\u201c%100 Yerli Yaz\u0131l\u0131m Belgesi\u201c<\/strong> ile ta\u00e7land\u0131r\u0131yoruz.<\/p>\n<p>[vc_row][vc_column][vc_custom_heading text=&#8221;Politikalar\u0131m\u0131z&#8221; use_theme_fonts=&#8221;yes&#8221;][\/vc_column][\/vc_row][vc_row][vc_column][vc_tta_accordion][vc_tta_section title=&#8221;ISO 9001 Kalite Y\u00f6netim Sistemi &#8221; tab_id=&#8221;1619787462126-b441f608-c580&#8243;][vc_column_text]<\/p>\n<ul>\n<li>T\u00fcm s\u00fcre\u00e7lerde, m\u00fc\u015fterinin ihtiya\u00e7 ve beklentilerini tam olarak kar\u015f\u0131layan bir anlay\u0131\u015f i\u00e7inde g\u00fcvenilir ve aranan firma olmay\u0131<\/li>\n<li>Maliyetleri d\u00fc\u015f\u00fcrmek, karl\u0131l\u0131\u011f\u0131 artt\u0131rmak i\u00e7in teknolojik geli\u015fmeleri yak\u0131ndan takip etmeyi ve uygulamay\u0131<\/li>\n<li>Organizasyon i\u00e7indeki herkesin, daha yetkin ve yeteneklerini en \u00fcst seviyede kullanabilir haline gelmeleri i\u00e7in ekip \u00e7al\u0131\u015fmas\u0131na \u00f6nem vererek, kalite d\u00fczeyini s\u00fcrekli y\u00fckseltmeyi ve kalite bilincini sa\u011flamla\u015ft\u0131rmay\u0131<\/li>\n<li>D\u0131\u015f Tedarik\u00e7ilerle, g\u00fcvene dayal\u0131 bir i\u015fbirli\u011fi i\u00e7inde olmay\u0131<\/li>\n<li>Rekabet\u00e7i, uygun maliyetli ve do\u011fru \u00e7\u00f6z\u00fcmleri, en h\u0131zl\u0131 bi\u00e7imde \u00fcreterek daha sonra ortaya \u00e7\u0131kabilecek uygunsuzluklar\u0131n \u00f6n\u00fcne ge\u00e7meyi<\/li>\n<li>Her projeyi zaman\u0131nda, en \u00fcst d\u00fczey teknolojilerle, m\u00fc\u015fteri taleplerine tam uyumlu, istenen kalitede ve b\u00fct\u00e7e s\u0131n\u0131rlar\u0131 i\u00e7inde eksiksiz tamamlamay\u0131<\/li>\n<li>Topluma, \u00e7evreye sayg\u0131l\u0131, \u00f6rnek bir kurulu\u015f olmay\u0131, i\u015f hacmini s\u00fcrekli geli\u015ftirerek, \u00fclke ekonomisine katk\u0131da bulunmay\u0131<\/li>\n<li>Hedeflerin, geli\u015fimlerin ve problemlerin etkin ve g\u00fcvenilir bi\u00e7imde payla\u015f\u0131m\u0131n\u0131<\/li>\n<li>Uzun soluklu stratejik i\u015f ortakl\u0131klar\u0131 geli\u015ftirmeyi<\/li>\n<li>M\u00fc\u015fteri gerekliliklerini yerine getirmeyi ve s\u00fcrekli iyile\u015ftirme \u00e7al\u0131\u015fmalar\u0131n\u0131 s\u00fcrd\u00fcrmeyi<\/li>\n<li>Olas\u0131 risk ve f\u0131rsatlar\u0131 belirleyerek, bu do\u011frultuda gerekli tedbir ve etkinlikleri y\u00fcr\u00fctmeyi\u00a0<strong>taahh\u00fct <\/strong><b>Ederiz.<\/b><\/li>\n<\/ul>\n<p>[\/vc_column_text][\/vc_tta_section][vc_tta_section title=&#8221;ISO 27001 Bilgi G\u00fcvenli\u011fi Y\u00f6netim Sistemi&#8221; tab_id=&#8221;1619787893470-afd2b2c1-f327&#8243;][vc_column_text]<\/p>\n<ul>\n<li>Bilgi varl\u0131klar\u0131m\u0131z\u0131 y\u00f6netmek, varl\u0131klar\u0131n g\u00fcvenlik de\u011ferlerini, ihtiya\u00e7lar\u0131n\u0131 ve risklerini belirlemek, g\u00fcvenlik risklerine y\u00f6nelik kontrolleri geli\u015ftirmek ve uygulamakt\u0131r.<\/li>\n<li>Bilgi varl\u0131klar\u0131, de\u011ferleri, g\u00fcvenlik ihtiya\u00e7lar\u0131, zafiyetleri, varl\u0131klara y\u00f6nelik tehditlerin ve tehdit s\u0131kl\u0131klar\u0131n\u0131n saptanmas\u0131 i\u00e7in y\u00f6ntemlerin belirleyece\u011fi \u00e7er\u00e7eveyi tan\u0131mlamakt\u0131r.<\/li>\n<li>Verdi\u011fimiz hizmetler s\u0131ras\u0131nda kulland\u0131\u011f\u0131m\u0131z bilgilerin gizlili\u011fini, b\u00fct\u00fcnl\u00fc\u011f\u00fcn\u00fc ve eri\u015filebilirli\u011fini sa\u011flamakt\u0131r.<\/li>\n<li>Risklerin i\u015flenmesi i\u00e7in \u00e7al\u0131\u015fma esaslar\u0131n\u0131 ortaya koymakt\u0131r.<\/li>\n<li>Hizmet verilen kapsam ba\u011flam\u0131nda teknolojik beklentilerimizi g\u00f6zden ge\u00e7irerek riskleri s\u00fcrekli takip etmektir.<\/li>\n<li>Risklerimizi en aza indirgemek ve sistemimizi s\u00fcrekli geli\u015ftirip iyile\u015ftirmektir.<\/li>\n<li>Tabi oldu\u011fumuz ulusal veya sekt\u00f6rel d\u00fczenlemelerden, yasal ve ilgili mevzuat gereklerini yerine getirmekten, anla\u015fmalardan do\u011fan y\u00fck\u00fcml\u00fcl\u00fckleri kar\u015f\u0131lamaktan, i\u00e7 ve d\u0131\u015f payda\u015flara y\u00f6nelik kurumsal sorumluluklardan kaynaklanan bilgi g\u00fcvenli\u011fi gereksinimlerini sa\u011flamakt\u0131r.<\/li>\n<li>\u0130\u015f \/ hizmet s\u00fcreklili\u011fimize bilgi g\u00fcvenli\u011fi tehditlerinin etkisini azaltmak ve i\u015fimizin s\u00fcreklili\u011fine ve s\u00fcrd\u00fcr\u00fclebilirli\u011fine katk\u0131da bulunmakt\u0131r.<\/li>\n<li>Ger\u00e7ekle\u015febilecek bilgi g\u00fcvenli\u011fi olaylar\u0131na etkin ve h\u0131zl\u0131 m\u00fcdahale edebilecek ve olaylar\u0131n etkilerini minimize edecek yetkinli\u011fe sahip olmay\u0131 temin etmektir.<\/li>\n<li>Maliyet etkin bir kontrol altyap\u0131s\u0131 ile bilgi g\u00fcvenli\u011fi seviyemizi zaman i\u00e7inde korumak ve iyile\u015ftirmektir.<\/li>\n<li>Kurumumuzun itibar\u0131n\u0131 geli\u015ftirmek; kurumu, bilgi g\u00fcvenli\u011fi k\u0131r\u0131lmalar\u0131ndan kaynaklanabilecek olumsuz etkilerden korumakt\u0131r.<\/li>\n<\/ul>\n<p>[\/vc_column_text][\/vc_tta_section][vc_tta_section title=&#8221;ISO 10002 M\u00fc\u015fteri Memnuniyeti Y\u00f6netim Sistemi&#8221; tab_id=&#8221;1619787924672-14696e3b-dced&#8221;][vc_column_text]<\/p>\n<ul>\n<li><b>Sat\u0131\u015f \u00f6ncesi ve sonras\u0131nda m\u00fc\u015fterilerimize \u00fcr\u00fcn ve servislerimizi daha etkin ve daha verimli kullanabilmeleri i\u00e7in destek veriyor, geri bildirimleri \u00f6nemsiyor, talep ve \u015fikayetlerini y\u00f6netiyoruz. 7 \/ 365 m\u00fc\u015fteri hizmetleri ve VIP ekibimizle m\u00fc\u015fterilerimizin memnuniyeti i\u00e7in \u00e7al\u0131\u015f\u0131yoruz.<\/b><\/li>\n<li>M\u00fc\u015fteri ba\u011fl\u0131l\u0131\u011f\u0131n\u0131 artt\u0131rmak i\u00e7in \u00e7abal\u0131yoruz.<\/li>\n<li>\u00c7al\u0131\u015fanlar\u0131m\u0131zda \u015fikayet bilinci ve dikkati olu\u015fmas\u0131n\u0131 sa\u011fl\u0131yoruz.<\/li>\n<li>M\u00fc\u015fterilerimize onlar\u0131 \u00f6nemsedi\u011fimiz hissettiriyoruz<\/li>\n<li>M\u00fc\u015fterilerimizden geri bildirimler alarak verdi\u011fimiz hizmet kalitesi artt\u0131r\u0131yoruz.<\/li>\n<\/ul>\n<p>[\/vc_column_text][\/vc_tta_section][vc_tta_section title=&#8221;ISO 22301 \u0130\u015f S\u00fcreklili\u011fi Y\u00f6netim Sistemi&#8221; tab_id=&#8221;1619788253155-69c35558-7e79&#8243;][vc_column_text]ISO 22301 \u0130\u015f S\u00fcreklili\u011fi Y\u00f6netim Sistemi ile \u00a0i\u015f s\u00fcreklili\u011fimizin olu\u015fturulmas\u0131, uygulanmas\u0131, izlenmesi, g\u00f6zden ge\u00e7irilmesi, s\u00fcreklili\u011finin sa\u011flanmas\u0131 ve iyile\u015ftirilmesi i\u00e7in risk yakla\u015f\u0131m\u0131n\u0131 esas al\u0131yor ve bunu \u0130\u015f s\u00fcreklili\u011fi y\u00f6netim sistemi belgemiz ile yap\u0131yoruz.<\/p>\n<ul>\n<li>Faaliyetlerimize y\u00f6nelik mevcut ve olas\u0131 tehditlerin belirlenmesi ve y\u00f6netmeyi<\/li>\n<li>Olaylar\u0131n etkilerini en aza indirmek i\u00e7in proaktif bir yakla\u015f\u0131m sergilemeyi,<\/li>\n<li>Krizler sonras\u0131 toparlanma s\u00fcrecinin iyile\u015ftirilmesi ve olaylar\u0131n ger\u00e7ekle\u015fmesi s\u0131ras\u0131nda\/sonucunda faaliyet duru\u015flar\u0131n\u0131n en aza indirilmesini sa\u011flamay\u0131,<\/li>\n<li>M\u00fc\u015fterilerimizin ve tedarik\u00e7ilerimizin isteklerinin\/taleplerinin kar\u015f\u0131lanabilmesi i\u00e7in ihtiya\u00e7 duyulan esnekli\u011fin g\u00f6sterilmesini sa\u011flamay\u0131,<\/li>\n<li>Firmam\u0131z\u0131n i\u015f s\u00fcreklili\u011finin temin edilebilmesi i\u00e7in sistematik bir yakla\u015f\u0131m sa\u011flamay\u0131,<\/li>\n<li>Organizasyonel yap\u0131, \u00e7al\u0131\u015fanlar\u0131m\u0131z, politikalar, planlama faaliyetlerimiz, prosed\u00fcrler, prosesler ve kaynaklara y\u00f6nelik \u015fartlar\u0131 kapsamas\u0131 sebebi ile y\u00f6netimsel kolayl\u0131k sa\u011flamay\u0131<\/li>\n<\/ul>\n<p>T\u00fcm iyi i\u015f s\u00fcreklili\u011fi uygulamalar\u0131n\u0131 destekleyerek m\u00fc\u015fteri g\u00fcven ve memnuniyet derecesini artt\u0131rmay\u0131\u00a0 <b>taahh\u00fct ediyoruz.<\/b>[\/vc_column_text][\/vc_tta_section][vc_tta_section title=&#8221;Ar-Ge Merkezi Politikam\u0131z&#8221; tab_id=&#8221;1619788335474-e60aad3e-f0b8&#8243;][vc_column_text]T.C Sanayi Bakanl\u0131\u011f\u0131 onayl\u0131 yerinde Ar-Ge merkezimizin ana ama\u00e7lar\u0131ndan biri, m\u00fc\u015fterinin hen\u00fcz ihtiya\u00e7 duymad\u0131\u011f\u0131 gelece\u011fin teknolojilerini geli\u015ftirmek ve kullan\u0131c\u0131lara eri\u015filebilir teknoloji sunmakt\u0131r. Sadece bulundu\u011fu ortamda \u00e7al\u0131\u015fan \u00fcr\u00fcnler geli\u015ftirmektense, T\u00fcrkiye&#8217;nin teknoloji seviyesini art\u0131racak, ticarile\u015febilecek \u00fcr\u00fcnler geli\u015ftirmek ana motivasyon noktalar\u0131m\u0131zd\u0131r.<\/p>\n<p><strong>Bu ba\u011flamda, temel de\u011ferlerimiz, vizyon ve misyonumuz do\u011frultusunda belirledi\u011fimiz Ar-Ge stratejilerimiz;<\/strong><\/p>\n<ul>\n<li>Ar-Ge projeleri ile \u00fclkede uygulamas\u0131 olmayan yaz\u0131l\u0131m \u00fcr\u00fcnlerinin \u00fclkeye kazand\u0131r\u0131lmas\u0131n\u0131 ama\u00e7lamakta, b\u00f6ylece yaz\u0131l\u0131m ithalat\u0131n\u0131n azalmas\u0131 y\u00f6n\u00fcnde katk\u0131 sa\u011flamay\u0131 hedeflemektedir.<\/li>\n<li>\u00d6ncelikli olarak yurt i\u00e7i ve yurt d\u0131\u015f\u0131 pazar\u0131n ve \u00f6zellikle de devletin ilgili kurumlar\u0131n\u0131n ihtiya\u00e7lar\u0131, beklentileri, yapt\u0131\u011f\u0131 di\u011fer geli\u015ftirici \u00e7al\u0131\u015fmalar ve getirdi\u011fi d\u00fczenlemeler \u00e7er\u00e7evesinde yap\u0131lan ara\u015ft\u0131rma, geli\u015ftirme ve inovasyon \u00e7al\u0131\u015fmalar\u0131 ger\u00e7ekle\u015ftirmek,<\/li>\n<li>Yurt i\u00e7i ve yurt d\u0131\u015f\u0131ndaki teknolojik ve yenilik\u00e7i etkinlikler, yay\u0131nlar ve geli\u015fmelerin takip edilmesi, bu geli\u015fmelere paralel olarak potansiyel m\u00fc\u015fteri kitlesinin gelecekteki ihtiya\u00e7 ve beklentilerini kar\u015f\u0131layacak \u00fcr\u00fcnlerin geli\u015ftirilmesi,<\/li>\n<li>Hen\u00fcz pazarda talep potansiyeli olabilecek veya mevcut \u00e7\u00f6z\u00fcmlere katk\u0131 sa\u011flayacak, fonksiyonlar\u0131n\u0131 ve verimliliklerini art\u0131racak ara\u015ft\u0131rma, geli\u015ftirme ve inovasyon \u00e7al\u0131\u015fmalar\u0131n\u0131n ger\u00e7ekle\u015ftirilmesi,<\/li>\n<li>\u00d6zg\u00fcn \u00fcr\u00fcnler geli\u015ftirerek ithalat\u0131 azaltmak, ihracat rakamlar\u0131n\u0131 y\u00fckseltmek, Yenilik\u00e7i (inovatif) \u00fcr\u00fcnler ve y\u00f6ntemler geli\u015ftirerek fikir haklar\u0131n\u0131 \u015firket b\u00fcnyesine kazand\u0131rmak,<\/li>\n<li>\u0130leri teknoloji ticari \u00fcr\u00fcnleri s\u00fcre\u00e7 verimlili\u011fini artt\u0131racak teknolojileri ile geli\u015ftirmeyi kendimize g\u00f6rev edindik.<\/li>\n<\/ul>\n<p>[\/vc_column_text][\/vc_tta_section][vc_tta_section title=&#8221;Ki\u015fisel Verilerin Korunmas\u0131 (KVKK)&#8221; tab_id=&#8221;1619788375654-13bf09cb-69f0&#8243;][vc_column_text]<b><i>Ki\u015fisel Verilerin Toplanmas\u0131 ve \u0130\u015flenmesi<\/i><\/b><\/p>\n<p>\u00dcr\u00fcn ve hizmetlerimiz hakk\u0131nda, s\u00f6zl\u00fc, yaz\u0131l\u0131 ya da elektronik ortamda sizlere ula\u015fabilmemiz, kullan\u0131m\u0131n\u0131z\u0131n aktif olarak devam etmesini sa\u011flamak, soru ve talepleriniz hakk\u0131nda size geri d\u00f6n\u00fc\u015f yapabilmek, yeni \u00fcr\u00fcn ve servislerimiz hakk\u0131nda sizleri haberdar edebilmek amac\u0131yla, sat\u0131\u015f kanallar\u0131, \u00e7a\u011fr\u0131 merkezi, internet sitesi, mobil uygulamalar ve benzeri kanallar arac\u0131l\u0131\u011f\u0131yla temin etti\u011fimiz ki\u015fisel verileriniz, hizmet ald\u0131\u011f\u0131n\u0131z s\u00fcre boyunca saklanmakta ve i\u015flenmektedir.<\/p>\n<p><b>\u00dcr\u00fcn ve Hizmetlerimizi Kullanan Kurum ve Kullan\u0131c\u0131lar\u0131n Saklanan ve \u0130\u015flenen Verileri<\/b><\/p>\n<ul>\n<li>Ad\u0131n\u0131z, soyad\u0131n\u0131z, TC Kimlik numaran\u0131z, Do\u011fum yeriniz ve tarihiniz, medeni durumunuz, cinsiyetiniz ve sair kimlik bilgileriniz,<\/li>\n<li>Telefon numaran\u0131z, elektronik posta adresiniz, posta adresiniz Aboneli\u011finiz kapsam\u0131ndaki tarife ve paket bilgileriniz, katma de\u011ferli servis abonelikleriniz, abonelik t\u00fcr\u00fcn\u00fcz ve kanal\u0131n\u0131z, abonelik stat\u00fcn\u00fcz (iptal, aktif vb.), m\u00fc\u015fteri numaran\u0131z, s\u00f6zle\u015fme numaran\u0131z, aboneli\u011finize dair taraf\u0131n\u0131za atanan kullan\u0131c\u0131 kimli\u011finiz, servisi kullan\u0131m miktar\u0131n\u0131z, sa\u011flad\u0131\u011f\u0131n\u0131z i\u00e7erik gibi kullan\u0131m detaylar\u0131n\u0131z\u0131 i\u00e7eren verileriniz<\/li>\n<li>M\u00fc\u015fteri Destek ekibimiz ile yapt\u0131\u011f\u0131n\u0131z g\u00f6r\u00fc\u015fme kay\u0131tlar\u0131 ve elektronik postalar arac\u0131l\u0131\u011f\u0131 ile bize iletti\u011finiz bilgileriniz, \u00fcr\u00fcn ve hizmetlerin sat\u0131n al\u0131nma s\u00fcrecinde gerekli olan banka bilgileriniz<\/li>\n<li>Her t\u00fcrl\u00fc eri\u015fime ili\u015fkin olarak sisteme ba\u011flant\u0131 tarih ve saat bilgisi, sistemden \u00e7\u0131k\u0131\u015f tarih ve saat bilgisi, <b>Ki\u015fisel Verilen \u0130\u015flenme Ama\u00e7lar\u0131<\/b><\/li>\n<li>\u00dcr\u00fcn ve hizmetlerimizi kullanabilmeniz i\u00e7in hesab\u0131n\u0131z\u0131n aktivasyon i\u015flemlerinin yap\u0131lmas\u0131,<\/li>\n<li>Sizi yeni \u00fcr\u00fcn ve hizmetlerimizden haberdar edebilme ve size en uygun \u00fcr\u00fcn ve hizmeti sa\u011flayabilme,<\/li>\n<li>\u00dcr\u00fcn ve hizmetlerimizi kullanman\u0131z kar\u015f\u0131l\u0131\u011f\u0131nda faturaland\u0131rma yapma,<\/li>\n<li>\u00dcr\u00fcn ya da hizmetlerimize ili\u015fkin her t\u00fcrl\u00fc soru ve \u015fik\u00e2yetinize cevap verebilme, size sundu\u011fumuz \u00fcr\u00fcn ve hizmetlerin geli\u015ftirilmesi ve iyile\u015ftirilmesi amac\u0131yla, \u00fcr\u00fcn ve hizmetlerimizi kullan\u0131m\u0131n\u0131z\u0131 analiz etme<\/li>\n<li>M\u00fc\u015fteri memnuniyetinin \u00f6l\u00e7\u00fclmesi amac\u0131yla i\u015flenmektedir.<\/li>\n<li>Ki\u015fisel verileriniz, her t\u00fcrl\u00fc s\u00f6zl\u00fc, yaz\u0131l\u0131 ya da elektronik ortamda, yukar\u0131da yer verilen ama\u00e7lar ve sizlere kaliteli hizmet verebilmemiz i\u00e7in, belirlenen yasal \u00e7er\u00e7evede ve g\u00fcvenli ko\u015fullarda toplan\u0131r ve saklan\u0131r.<\/li>\n<li>Ki\u015fisel Verilerin Korunmas\u0131 Kanunu\u2019na uygun olarak, \u015firketimize ba\u015fvurarak ki\u015fisel veri i\u015flenip i\u015flenmedi\u011fini, ki\u015fisel verilerin i\u015flenme amac\u0131n\u0131 ve bunlar\u0131n amac\u0131na uygun kullan\u0131l\u0131p kullan\u0131lmad\u0131\u011f\u0131n\u0131 \u00f6\u011frenebilir, yurti\u00e7inde veya yurtd\u0131\u015f\u0131nda ki\u015fisel verilerin aktar\u0131ld\u0131\u011f\u0131 \u00fc\u00e7\u00fcnc\u00fc ki\u015fileri sorgulayabilir, eksik veya yanl\u0131\u015f i\u015flenmi\u015f olmas\u0131 halinde bunlar\u0131n d\u00fczeltilmesini isteyebilirsiniz. Kanunun 7. Maddesindeki \u015fartlara g\u00f6re, verilerin ki\u015finin kendisi aleyhine bir sonucun ortaya \u00e7\u0131kmas\u0131 durumunda itiraz etme, verilerin silinmesini talep etme ve kanuna ayk\u0131r\u0131 olarak i\u015flenmesi sebebiyle zarara u\u011framas\u0131 halinde zarar\u0131n giderilmesini talep etme haklar\u0131na sahipsiniz.<\/li>\n<\/ul>\n<p>[\/vc_column_text][\/vc_tta_section][\/vc_tta_accordion][vc_btn title=&#8221;Belgelerimizi G\u00f6rmek \u0130\u00e7in T\u0131klay\u0131n\u0131z&#8221; link=&#8221;url:https%3A%2F%2Fwww.biotekno.com.tr%2Fbelgelerimiz%2F||target:%20_blank|&#8221;][\/vc_column][\/vc_row]<\/p>\n","protected":false},"excerpt":{"rendered":"<p>2003 y\u0131l\u0131nda kurulan ve kurumsal tecr\u00fcbesi y\u0131llara dayanan B\u0130OTEKNO olarak, %100 yerli \u00fcr\u00fcnlerimiz ile uzman m\u00fchendis kadromuz, sat\u0131\u015f, pazarlama, proje ve \u00fcr\u00fcn y\u00f6netimi, operasyon, saha ve m\u00fc\u015fteri hizmetleri ekiplerimizle kurumlar\u0131n ihtiya\u00e7lar\u0131na \u00f6zel Katma De\u011ferli \u0130leti\u015fim ve Pazarlama \u00c7\u00f6z\u00fcmleri sunuyoruz. Yerinde AR-GE Merkezi olan Mobiliva, B\u0130OTEKNO \u2018nun teknoloji \u015firketi olup T\u00fcrk M\u00fchendislerinin \u00f6zg\u00fcn katk\u0131lar\u0131 ile platformlar [&hellip;]<\/p>\n","protected":false},"author":1,"featured_media":0,"parent":0,"menu_order":0,"comment_status":"closed","ping_status":"closed","template":"","meta":{"footnotes":""},"class_list":["post-39","page","type-page","status-publish","hentry"],"yoast_head":"<!-- This site is optimized with the Yoast SEO plugin v27.3 - https:\/\/yoast.com\/product\/yoast-seo-wordpress\/ -->\n<title>JetMail - Hakk\u0131m\u0131zda<\/title>\n<meta name=\"description\" content=\"JetPlatform - biotekno Toplu Sesli Mesaj, Toplu Mail, Toplu SMS, Bas Konu\u015f, \u0130zinli Veritaban\u0131, Mobil E\u011fitim, Mobil \u00d6deme, Mobil Pazarlama\" \/>\n<meta name=\"robots\" content=\"index, follow, max-snippet:-1, max-image-preview:large, max-video-preview:-1\" \/>\n<link rel=\"canonical\" href=\"https:\/\/www.jetmail.com.tr\/index.php\/hakkimizda\/\" \/>\n<meta property=\"og:locale\" content=\"tr_TR\" \/>\n<meta property=\"og:type\" content=\"article\" \/>\n<meta property=\"og:title\" content=\"JetMail - Hakk\u0131m\u0131zda\" \/>\n<meta property=\"og:description\" content=\"JetPlatform - biotekno Toplu Sesli Mesaj, Toplu Mail, Toplu SMS, Bas Konu\u015f, \u0130zinli Veritaban\u0131, Mobil E\u011fitim, Mobil \u00d6deme, Mobil Pazarlama\" \/>\n<meta property=\"og:url\" content=\"https:\/\/www.jetmail.com.tr\/index.php\/hakkimizda\/\" \/>\n<meta property=\"og:site_name\" content=\"JetMail\" \/>\n<meta property=\"article:publisher\" content=\"https:\/\/www.facebook.com\/biotekno\" \/>\n<meta property=\"article:modified_time\" content=\"2022-10-05T08:56:49+00:00\" \/>\n<meta name=\"twitter:card\" content=\"summary_large_image\" \/>\n<meta name=\"twitter:site\" content=\"@BioteknoBiz\" \/>\n<meta name=\"twitter:label1\" content=\"Tahmini okuma s\u00fcresi\" \/>\n\t<meta name=\"twitter:data1\" content=\"11 dakika\" \/>\n<script type=\"application\/ld+json\" class=\"yoast-schema-graph\">{\"@context\":\"https:\\\/\\\/schema.org\",\"@graph\":[{\"@type\":\"WebPage\",\"@id\":\"https:\\\/\\\/www.jetmail.com.tr\\\/index.php\\\/hakkimizda\\\/\",\"url\":\"https:\\\/\\\/www.jetmail.com.tr\\\/index.php\\\/hakkimizda\\\/\",\"name\":\"JetMail - Hakk\u0131m\u0131zda\",\"isPartOf\":{\"@id\":\"https:\\\/\\\/www.jetmail.com.tr\\\/#website\"},\"datePublished\":\"2013-02-28T22:12:26+00:00\",\"dateModified\":\"2022-10-05T08:56:49+00:00\",\"description\":\"JetPlatform - biotekno Toplu Sesli Mesaj, Toplu Mail, Toplu SMS, Bas Konu\u015f, \u0130zinli Veritaban\u0131, Mobil E\u011fitim, Mobil \u00d6deme, Mobil Pazarlama\",\"breadcrumb\":{\"@id\":\"https:\\\/\\\/www.jetmail.com.tr\\\/index.php\\\/hakkimizda\\\/#breadcrumb\"},\"inLanguage\":\"tr\",\"potentialAction\":[{\"@type\":\"ReadAction\",\"target\":[\"https:\\\/\\\/www.jetmail.com.tr\\\/index.php\\\/hakkimizda\\\/\"]}]},{\"@type\":\"BreadcrumbList\",\"@id\":\"https:\\\/\\\/www.jetmail.com.tr\\\/index.php\\\/hakkimizda\\\/#breadcrumb\",\"itemListElement\":[{\"@type\":\"ListItem\",\"position\":1,\"name\":\"Ana sayfa\",\"item\":\"https:\\\/\\\/www.jetmail.com.tr\\\/\"},{\"@type\":\"ListItem\",\"position\":2,\"name\":\"Hakk\u0131m\u0131zda\"}]},{\"@type\":\"WebSite\",\"@id\":\"https:\\\/\\\/www.jetmail.com.tr\\\/#website\",\"url\":\"https:\\\/\\\/www.jetmail.com.tr\\\/\",\"name\":\"JetMail\",\"description\":\"Toplu Mail ile Pazarlama Platformu - Mail G\u00f6ndermenin En Kolay Yolu\",\"potentialAction\":[{\"@type\":\"SearchAction\",\"target\":{\"@type\":\"EntryPoint\",\"urlTemplate\":\"https:\\\/\\\/www.jetmail.com.tr\\\/?s={search_term_string}\"},\"query-input\":{\"@type\":\"PropertyValueSpecification\",\"valueRequired\":true,\"valueName\":\"search_term_string\"}}],\"inLanguage\":\"tr\"}]}<\/script>\n<!-- \/ Yoast SEO plugin. -->","yoast_head_json":{"title":"JetMail - Hakk\u0131m\u0131zda","description":"JetPlatform - biotekno Toplu Sesli Mesaj, Toplu Mail, Toplu SMS, Bas Konu\u015f, \u0130zinli Veritaban\u0131, Mobil E\u011fitim, Mobil \u00d6deme, Mobil Pazarlama","robots":{"index":"index","follow":"follow","max-snippet":"max-snippet:-1","max-image-preview":"max-image-preview:large","max-video-preview":"max-video-preview:-1"},"canonical":"https:\/\/www.jetmail.com.tr\/index.php\/hakkimizda\/","og_locale":"tr_TR","og_type":"article","og_title":"JetMail - Hakk\u0131m\u0131zda","og_description":"JetPlatform - biotekno Toplu Sesli Mesaj, Toplu Mail, Toplu SMS, Bas Konu\u015f, \u0130zinli Veritaban\u0131, Mobil E\u011fitim, Mobil \u00d6deme, Mobil Pazarlama","og_url":"https:\/\/www.jetmail.com.tr\/index.php\/hakkimizda\/","og_site_name":"JetMail","article_publisher":"https:\/\/www.facebook.com\/biotekno","article_modified_time":"2022-10-05T08:56:49+00:00","twitter_card":"summary_large_image","twitter_site":"@BioteknoBiz","twitter_misc":{"Tahmini okuma s\u00fcresi":"11 dakika"},"schema":{"@context":"https:\/\/schema.org","@graph":[{"@type":"WebPage","@id":"https:\/\/www.jetmail.com.tr\/index.php\/hakkimizda\/","url":"https:\/\/www.jetmail.com.tr\/index.php\/hakkimizda\/","name":"JetMail - Hakk\u0131m\u0131zda","isPartOf":{"@id":"https:\/\/www.jetmail.com.tr\/#website"},"datePublished":"2013-02-28T22:12:26+00:00","dateModified":"2022-10-05T08:56:49+00:00","description":"JetPlatform - biotekno Toplu Sesli Mesaj, Toplu Mail, Toplu SMS, Bas Konu\u015f, \u0130zinli Veritaban\u0131, Mobil E\u011fitim, Mobil \u00d6deme, Mobil Pazarlama","breadcrumb":{"@id":"https:\/\/www.jetmail.com.tr\/index.php\/hakkimizda\/#breadcrumb"},"inLanguage":"tr","potentialAction":[{"@type":"ReadAction","target":["https:\/\/www.jetmail.com.tr\/index.php\/hakkimizda\/"]}]},{"@type":"BreadcrumbList","@id":"https:\/\/www.jetmail.com.tr\/index.php\/hakkimizda\/#breadcrumb","itemListElement":[{"@type":"ListItem","position":1,"name":"Ana sayfa","item":"https:\/\/www.jetmail.com.tr\/"},{"@type":"ListItem","position":2,"name":"Hakk\u0131m\u0131zda"}]},{"@type":"WebSite","@id":"https:\/\/www.jetmail.com.tr\/#website","url":"https:\/\/www.jetmail.com.tr\/","name":"JetMail","description":"Toplu Mail ile Pazarlama Platformu - Mail G\u00f6ndermenin En Kolay Yolu","potentialAction":[{"@type":"SearchAction","target":{"@type":"EntryPoint","urlTemplate":"https:\/\/www.jetmail.com.tr\/?s={search_term_string}"},"query-input":{"@type":"PropertyValueSpecification","valueRequired":true,"valueName":"search_term_string"}}],"inLanguage":"tr"}]}},"_links":{"self":[{"href":"https:\/\/www.jetmail.com.tr\/index.php\/wp-json\/wp\/v2\/pages\/39","targetHints":{"allow":["GET"]}}],"collection":[{"href":"https:\/\/www.jetmail.com.tr\/index.php\/wp-json\/wp\/v2\/pages"}],"about":[{"href":"https:\/\/www.jetmail.com.tr\/index.php\/wp-json\/wp\/v2\/types\/page"}],"author":[{"embeddable":true,"href":"https:\/\/www.jetmail.com.tr\/index.php\/wp-json\/wp\/v2\/users\/1"}],"replies":[{"embeddable":true,"href":"https:\/\/www.jetmail.com.tr\/index.php\/wp-json\/wp\/v2\/comments?post=39"}],"version-history":[{"count":21,"href":"https:\/\/www.jetmail.com.tr\/index.php\/wp-json\/wp\/v2\/pages\/39\/revisions"}],"predecessor-version":[{"id":3411,"href":"https:\/\/www.jetmail.com.tr\/index.php\/wp-json\/wp\/v2\/pages\/39\/revisions\/3411"}],"wp:attachment":[{"href":"https:\/\/www.jetmail.com.tr\/index.php\/wp-json\/wp\/v2\/media?parent=39"}],"curies":[{"name":"wp","href":"https:\/\/api.w.org\/{rel}","templated":true}]}}